{"id":82,"date":"2019-08-24T12:41:19","date_gmt":"2019-08-24T12:41:19","guid":{"rendered":"http:\/\/krautcore.de\/?page_id=82"},"modified":"2019-08-24T12:42:24","modified_gmt":"2019-08-24T12:42:24","slug":"impressum","status":"publish","type":"page","link":"http:\/\/krautcore.de\/?page_id=82","title":{"rendered":"Impressum"},"content":{"rendered":"\n<h2>Angaben gem\u00e4\u00df \u00a7 5 TMG<\/h2>\n\n\n\n<p>KrautCore,<\/p>\n\n\n\n<p>vertreten durch Carsten Drescher, Frank Sonnenschein, Marc Muth<\/p>\n\n\n\n<p>Edenkobener Weg 25<\/p>\n\n\n\n<p>40229 D\u00fcsseldorf<\/p>\n\n\n\n<h2>Kontakt<\/h2>\n\n\n\n<p>Telefon: +49 (0) 211 999 19 35<\/p>\n\n\n\n<p>E-Mail: matt(@)krautcore.de<\/p>\n\n\n\n<h2>Verantwortlich f\u00fcr den Inhalt nach \u00a7 55 Abs. 2 RStV<\/h2>\n\n\n\n<p>KrautCore,<\/p>\n\n\n\n<p>vertreten durch Carsten Drescher, Frank Sonnenschein, Marc Muth<\/p>\n\n\n\n<p>Edenkobener Weg 25<\/p>\n\n\n\n<p>40229 D\u00fcsseldorf<\/p>\n\n\n\n<h2>Haftung f\u00fcr Inhalte<\/h2>\n\n\n\n<p>Als Diensteanbieter sind wir gem\u00e4\u00df \u00a7 7 Abs.1 TMG f\u00fcr eigene Inhalte auf diesen Seiten nach den<\/p>\n\n\n\n<p>allgemeinen Gesetzen verantwortlich. Nach \u00a7\u00a7 8 bis 10 TMG sind wir als Diensteanbieter jedoch nicht<\/p>\n\n\n\n<p>verpflichtet, \u00fcbermittelte oder gespeicherte fremde Informationen zu \u00fcberwachen oder nach Umst\u00e4nden zu<\/p>\n\n\n\n<p>forschen, die auf eine rechtswidrige T\u00e4tigkeit hinweisen.<\/p>\n\n\n\n<p>Verpflichtungen zur Entfernung oder Sperrung der Nutzung von Informationen nach den allgemeinen<\/p>\n\n\n\n<p>Gesetzen bleiben hiervon unber\u00fchrt. Eine diesbez\u00fcgliche Haftung ist jedoch erst ab dem Zeitpunkt der<\/p>\n\n\n\n<p>Kenntnis einer konkreten Rechtsverletzung m\u00f6glich. Bei Bekanntwerden von entsprechenden<\/p>\n\n\n\n<p>Rechtsverletzungen werden wir diese Inhalte umgehend entfernen.<\/p>\n\n\n\n<p>Haftung f\u00fcr Links<\/p>\n\n\n\n<p>Unser Angebot enth\u00e4lt Links zu externen Websites Dritter, auf deren Inhalte wir keinen Einfluss haben.<\/p>\n\n\n\n<p>Deshalb k\u00f6nnen wir f\u00fcr diese fremden Inhalte auch keine Gew\u00e4hr \u00fcbernehmen. F\u00fcr die Inhalte der<\/p>\n\n\n\n<p>verlinkten Seiten ist stets der jeweilige Anbieter oder Betreiber der Seiten verantwortlich. Die verlinkten<\/p>\n\n\n\n<p>Seiten wurden zum Zeitpunkt der Verlinkung auf m\u00f6gliche Rechtsverst\u00f6\u00dfe \u00fcberpr\u00fcft. Rechtswidrige Inhalte<\/p>\n\n\n\n<p>waren zum Zeitpunkt der Verlinkung nicht erkennbar.<\/p>\n\n\n\n<p>Eine permanente inhaltliche Kontrolle der verlinkten Seiten ist jedoch ohne konkrete Anhaltspunkte einer<\/p>\n\n\n\n<p>Rechtsverletzung nicht zumutbar. Bei Bekanntwerden von Rechtsverletzungen werden wir derartige Links<\/p>\n\n\n\n<p>umgehend entfernen.<\/p>\n\n\n\n<h2>Urheberrecht<\/h2>\n\n\n\n<p>Die durch die Seitenbetreiber erstellten Inhalte und Werke auf diesen Seiten unterliegen dem deutschen<\/p>\n\n\n\n<p>Urheberrecht. Die Vervielf\u00e4ltigung, Bearbeitung, Verbreitung und jede Art der Verwertung au\u00dferhalb der<\/p>\n\n\n\n<p>Grenzen des Urheberrechtes bed\u00fcrfen der schriftlichen Zustimmung des jeweiligen Autors bzw. Erstellers.<\/p>\n\n\n\n<p>Downloads und Kopien dieser Seite sind nur f\u00fcr den privaten, nicht kommerziellen Gebrauch gestattet.<\/p>\n\n\n\n<p>Soweit die Inhalte auf dieser Seite nicht vom Betreiber erstellt wurden, werden die Urheberrechte Dritter<\/p>\n\n\n\n<p>beachtet. Insbesondere werden Inhalte Dritter als solche gekennzeichnet. Sollten Sie trotzdem auf eine<\/p>\n\n\n\n<p>Urheberrechtsverletzung aufmerksam werden, bitten wir um einen entsprechenden Hinweis. Bei<\/p>\n\n\n\n<p>Bekanntwerden von Rechtsverletzungen werden wir derartige Inhalte umgehend entfernen.<\/p>\n\n\n\n<p>Quelle:<\/p>\n\n\n\n<p>eRecht24<\/p>\n","protected":false},"excerpt":{"rendered":"<p>Angaben gem\u00e4\u00df \u00a7 5 TMG KrautCore, vertreten durch Carsten Drescher, Frank Sonnenschein, Marc Muth Edenkobener Weg 25 40229 D\u00fcsseldorf Kontakt Telefon: +49 (0) 211 999 19 35 E-Mail: matt(@)krautcore.de Verantwortlich f\u00fcr den Inhalt nach \u00a7 55 Abs. 2 RStV KrautCore, vertreten durch Carsten Drescher, Frank Sonnenschein, Marc Muth Edenkobener Weg&#8230;<\/p>\n<p> <a class=\"continue-reading-link\" href=\"http:\/\/krautcore.de\/?page_id=82\"><span>Continue reading<\/span><i class=\"crycon-right-dir\"><\/i><\/a> <\/p>\n","protected":false},"author":1,"featured_media":0,"parent":0,"menu_order":0,"comment_status":"closed","ping_status":"closed","template":"","meta":[],"_links":{"self":[{"href":"http:\/\/krautcore.de\/index.php?rest_route=\/wp\/v2\/pages\/82"}],"collection":[{"href":"http:\/\/krautcore.de\/index.php?rest_route=\/wp\/v2\/pages"}],"about":[{"href":"http:\/\/krautcore.de\/index.php?rest_route=\/wp\/v2\/types\/page"}],"author":[{"embeddable":true,"href":"http:\/\/krautcore.de\/index.php?rest_route=\/wp\/v2\/users\/1"}],"replies":[{"embeddable":true,"href":"http:\/\/krautcore.de\/index.php?rest_route=%2Fwp%2Fv2%2Fcomments&post=82"}],"version-history":[{"count":1,"href":"http:\/\/krautcore.de\/index.php?rest_route=\/wp\/v2\/pages\/82\/revisions"}],"predecessor-version":[{"id":83,"href":"http:\/\/krautcore.de\/index.php?rest_route=\/wp\/v2\/pages\/82\/revisions\/83"}],"wp:attachment":[{"href":"http:\/\/krautcore.de\/index.php?rest_route=%2Fwp%2Fv2%2Fmedia&parent=82"}],"curies":[{"name":"wp","href":"https:\/\/api.w.org\/{rel}","templated":true}]}}